{"id":2,"date":"2016-05-10T03:48:21","date_gmt":"2016-05-10T03:48:21","guid":{"rendered":"http:\/\/kiddytime.de\/?page_id=2"},"modified":"2018-07-03T20:05:00","modified_gmt":"2018-07-03T20:05:00","slug":"sample-page","status":"publish","type":"page","link":"https:\/\/kiddytime.de\/?page_id=2","title":{"rendered":"\u00dcber diese Seite"},"content":{"rendered":"<p>Kennt ihr das auch? Unter der Woche herrscht Stress und die Kinder kommen st\u00e4ndig zu kurz. Sich selbst will man auch nicht verlieren und auch mal was f\u00fcr sich tun. Als Mutter, die nebenbei vollzeit studiert, m\u00f6chte ich die Zeit mit meinen Kindern qualitativ nutzen. Dazu versuche ich bewusst R\u00e4ume zu schaffen, in denen ich mich voll und ganz auf die Kinder konzentriere, um miteinander zu lachen, zu spielen, zu kuscheln und sch\u00f6ne Dinge zu unternehmen, die sch\u00f6ne Erinnerungen schaffen. In meinem Blog m\u00f6chte ich euch zeigen wie wir Highlights, wie beispielsweise den Geburtstag der Kinder, gestalten, welche B\u00fccher und Gesellschaftsspiele bei uns aktuell beliebt sind und welche Ausflugsziele wir ansteuern. All diese Dinge schaffen f\u00fcr uns einen Ausgleich zum stressigen Alltag.<\/p>\n","protected":false},"excerpt":{"rendered":"<p>Kennt ihr das auch? Unter der Woche herrscht Stress und die Kinder kommen st\u00e4ndig zu kurz. Sich selbst will man auch nicht verlieren und auch mal was f\u00fcr sich tun.&hellip; <\/p>\n","protected":false},"author":1,"featured_media":0,"parent":0,"menu_order":0,"comment_status":"closed","ping_status":"open","template":"","meta":{"footnotes":""},"_links":{"self":[{"href":"https:\/\/kiddytime.de\/index.php?rest_route=\/wp\/v2\/pages\/2"}],"collection":[{"href":"https:\/\/kiddytime.de\/index.php?rest_route=\/wp\/v2\/pages"}],"about":[{"href":"https:\/\/kiddytime.de\/index.php?rest_route=\/wp\/v2\/types\/page"}],"author":[{"embeddable":true,"href":"https:\/\/kiddytime.de\/index.php?rest_route=\/wp\/v2\/users\/1"}],"replies":[{"embeddable":true,"href":"https:\/\/kiddytime.de\/index.php?rest_route=%2Fwp%2Fv2%2Fcomments&post=2"}],"version-history":[{"count":4,"href":"https:\/\/kiddytime.de\/index.php?rest_route=\/wp\/v2\/pages\/2\/revisions"}],"predecessor-version":[{"id":166,"href":"https:\/\/kiddytime.de\/index.php?rest_route=\/wp\/v2\/pages\/2\/revisions\/166"}],"wp:attachment":[{"href":"https:\/\/kiddytime.de\/index.php?rest_route=%2Fwp%2Fv2%2Fmedia&parent=2"}],"curies":[{"name":"wp","href":"https:\/\/api.w.org\/{rel}","templated":true}]}}